{"id":2,"date":"2025-11-09T11:29:21","date_gmt":"2025-11-09T10:29:21","guid":{"rendered":"https:\/\/blog.marcosgartech.com\/?page_id=2"},"modified":"2026-01-08T21:03:23","modified_gmt":"2026-01-08T20:03:23","slug":"pagina-ejemplo","status":"publish","type":"page","link":"https:\/\/blog.marcosgartech.com\/index.php\/pagina-ejemplo\/","title":{"rendered":"La Revoluci\u00f3n de la IA en la Gesti\u00f3n de Sistemas"},"content":{"rendered":"\n<p>Esta es una p\u00e1gina de ejemplo. Es diferente a una entrada del blog porque permanecer\u00e1 en un solo lugar y aparecer\u00e1 en la navegaci\u00f3n de tu sitio (en la mayor\u00eda de los \u00abEl despliegue de este blog en un entorno <strong>VPS bajo Linux<\/strong> es solo la base de lo que la tecnolog\u00eda actual permite. Hoy en d\u00eda, la Inteligencia Artificial ha dejado de ser una herramienta de ciencia ficci\u00f3n para convertirse en el motor de la automatizaci\u00f3n de sistemas.\u00bb<\/p>\n\n\n\n<p><strong>\u00bfC\u00f3mo est\u00e1 cambiando la IA mi trabajo como SysAdmin?<\/strong><\/p>\n\n\n\n<ul class=\"wp-block-list\">\n<li><strong>Monitorizaci\u00f3n Predictiva:<\/strong> Gracias a modelos de IA, podemos predecir cu\u00e1ndo un disco duro va a fallar en nuestra infraestructura <strong>On-premise<\/strong> antes de que ocurra el desastre.<\/li>\n\n\n\n<li><strong>Seguridad Inteligente:<\/strong> En entornos como <strong>Microsoft 365 y Azure<\/strong>, la IA analiza patrones de inicio de sesi\u00f3n sospechosos en tiempo real, aplicando pol\u00edticas de <strong>Acceso Condicional<\/strong> autom\u00e1ticamente.<\/li>\n\n\n\n<li><strong>Automatizaci\u00f3n de Soporte:<\/strong> El registro y seguimiento de incidencias en herramientas como <strong>Jira<\/strong> se beneficia de la clasificaci\u00f3n autom\u00e1tica de tickets, permiti\u00e9ndonos centrar el esfuerzo en problemas de N2 realmente complejos.<\/li>\n<\/ul>\n\n\n\n<p><strong>Conclusi\u00f3n personal:<\/strong> Mi objetivo como futuro graduado en <strong>ASIR<\/strong> es integrar estas capacidades de IA para crear infraestructuras h\u00edbridas que no solo sean eficientes, sino capaces de auto-repararse y aprender de su propio tr\u00e1fico.<\/p>\n","protected":false},"excerpt":{"rendered":"<p>Esta es una p\u00e1gina de ejemplo. Es diferente a una entrada del blog porque permanecer\u00e1 en un solo lugar y [&hellip;]<\/p>\n","protected":false},"author":1,"featured_media":0,"parent":0,"menu_order":0,"comment_status":"closed","ping_status":"open","template":"","meta":{"site-sidebar-layout":"default","site-content-layout":"","ast-site-content-layout":"default","site-content-style":"default","site-sidebar-style":"default","ast-global-header-display":"","ast-banner-title-visibility":"","ast-main-header-display":"","ast-hfb-above-header-display":"","ast-hfb-below-header-display":"","ast-hfb-mobile-header-display":"","site-post-title":"","ast-breadcrumbs-content":"","ast-featured-img":"","footer-sml-layout":"","ast-disable-related-posts":"","theme-transparent-header-meta":"","adv-header-id-meta":"","stick-header-meta":"","header-above-stick-meta":"","header-main-stick-meta":"","header-below-stick-meta":"","astra-migrate-meta-layouts":"default","ast-page-background-enabled":"default","ast-page-background-meta":{"desktop":{"background-color":"var(--ast-global-color-5)","background-image":"","background-repeat":"repeat","background-position":"center center","background-size":"auto","background-attachment":"scroll","background-type":"","background-media":"","overlay-type":"","overlay-color":"","overlay-opacity":"","overlay-gradient":""},"tablet":{"background-color":"","background-image":"","background-repeat":"repeat","background-position":"center center","background-size":"auto","background-attachment":"scroll","background-type":"","background-media":"","overlay-type":"","overlay-color":"","overlay-opacity":"","overlay-gradient":""},"mobile":{"background-color":"","background-image":"","background-repeat":"repeat","background-position":"center center","background-size":"auto","background-attachment":"scroll","background-type":"","background-media":"","overlay-type":"","overlay-color":"","overlay-opacity":"","overlay-gradient":""}},"ast-content-background-meta":{"desktop":{"background-color":"var(--ast-global-color-4)","background-image":"","background-repeat":"repeat","background-position":"center center","background-size":"auto","background-attachment":"scroll","background-type":"","background-media":"","overlay-type":"","overlay-color":"","overlay-opacity":"","overlay-gradient":""},"tablet":{"background-color":"var(--ast-global-color-4)","background-image":"","background-repeat":"repeat","background-position":"center center","background-size":"auto","background-attachment":"scroll","background-type":"","background-media":"","overlay-type":"","overlay-color":"","overlay-opacity":"","overlay-gradient":""},"mobile":{"background-color":"var(--ast-global-color-4)","background-image":"","background-repeat":"repeat","background-position":"center center","background-size":"auto","background-attachment":"scroll","background-type":"","background-media":"","overlay-type":"","overlay-color":"","overlay-opacity":"","overlay-gradient":""}},"footnotes":""},"class_list":["post-2","page","type-page","status-publish","hentry"],"_links":{"self":[{"href":"https:\/\/blog.marcosgartech.com\/index.php\/wp-json\/wp\/v2\/pages\/2","targetHints":{"allow":["GET"]}}],"collection":[{"href":"https:\/\/blog.marcosgartech.com\/index.php\/wp-json\/wp\/v2\/pages"}],"about":[{"href":"https:\/\/blog.marcosgartech.com\/index.php\/wp-json\/wp\/v2\/types\/page"}],"author":[{"embeddable":true,"href":"https:\/\/blog.marcosgartech.com\/index.php\/wp-json\/wp\/v2\/users\/1"}],"replies":[{"embeddable":true,"href":"https:\/\/blog.marcosgartech.com\/index.php\/wp-json\/wp\/v2\/comments?post=2"}],"version-history":[{"count":1,"href":"https:\/\/blog.marcosgartech.com\/index.php\/wp-json\/wp\/v2\/pages\/2\/revisions"}],"predecessor-version":[{"id":12,"href":"https:\/\/blog.marcosgartech.com\/index.php\/wp-json\/wp\/v2\/pages\/2\/revisions\/12"}],"wp:attachment":[{"href":"https:\/\/blog.marcosgartech.com\/index.php\/wp-json\/wp\/v2\/media?parent=2"}],"curies":[{"name":"wp","href":"https:\/\/api.w.org\/{rel}","templated":true}]}}